{"id":865,"date":"2018-05-24T18:02:34","date_gmt":"2018-05-24T16:02:34","guid":{"rendered":"http:\/\/barneyeart.de\/?page_id=865"},"modified":"2024-02-18T15:30:42","modified_gmt":"2024-02-18T13:30:42","slug":"datenschutz","status":"publish","type":"page","link":"https:\/\/barneyeart.de\/?page_id=865","title":{"rendered":"Datenschutz"},"content":{"rendered":"<p>Verantwortlich f\u00fcr den Inhalt der Seiten<br \/>\nwww.barneyeart.de:<br \/>\n<strong><br \/>\nBarneyeArt<\/strong><br \/>\nSiggen 6, 23777, Heringsdorf\/Siggen, Tel.: 04365 979 99 83<\/p>\n<p><strong>AGBs und Widerrufsbelehrung<\/strong><\/p>\n<p>Das Copyright f\u00fcr alle Texte, Abbildungen, Grafiken und Fotos auf dieser Seite liegt bei Gilbert Bahn-K\u00f6pke<\/p>\n<p><strong>Rechtliche Informationen und Datenschutzerkl\u00e4rung<\/strong><br \/>\nDie Informationen auf dieser Webseite sowie die in diesen Informationen beschriebenen Dienstleistungen kann ohne vorherige Ank\u00fcndigung &nbsp;jederzeit ge\u00e4ndert oder aktualisiert werden. Soweit nicht ausdr\u00fccklich anderweitig erkl\u00e4rt, enth\u00e4lt meine Webseite keinerlei Zusicherungen oder Gew\u00e4hrleistungen \u2013 sei es ausdr\u00fccklich oder stillschweigend \u2013 auch nicht hinsichtlich der Aktualit\u00e4t, Korrektheit, Vollst\u00e4ndigkeit und Qualit\u00e4t der Informationen. Ich \u00fcbernehme keine Haftung im Zusammenhang mit ihren Webseiten. Eine Haftung f\u00fcr jegliche unmittelbaren oder mittelbaren Sch\u00e4den, Schadenersatzforderungen, Folgesch\u00e4den gleich welcher Art und aus welchem Rechtsgrund, die durch Ihren Zugriff oder die Verwendung der Webseite entstehen, insbesondere auch durch Infizierung Ihrer Computerumgebung mit Viren, ist ausgeschlossen.<\/p>\n<p><strong>Datenschutzerkl\u00e4rung<\/strong><br \/>\nIch freue mich \u00fcber Ihr Interesse an meiner Homepage. F\u00fcr externe Links zu fremden Inhalten kann ich dabei trotz sorgf\u00e4ltiger inhaltlicher Kontrolle keine Haftung \u00fcbernehmen. Der Schutz Ihrer personenbezogenen Daten bei der Erhebung, Verarbeitung und Nutzung anl\u00e4sslich Ihres Besuchs auf meiner Homepage ist mir ein wichtiges Anliegen. Ihre Daten werden im Rahmen der gesetzlichen Vorschriften gesch\u00fctzt. Nachfolgend finden Sie Informationen, welche Daten w\u00e4hrend Ihres Besuchs auf der Homepage erfasst und wie diese genutzt werden:<\/p>\n<p>Administration. Ihre personenbezogenen Daten werden an Dritte nur weitergegeben oder sonst \u00fcbermittelt, wenn dies zum Zwecke der Vertragsabwicklung \u2013 insbesondere Weitergabe von Bestelldaten an Lieferanten \u2013 erforderlich ist, dies zu Abrechnungszwecken erforderlich ist oder Sie zuvor eingewilligt haben. Sie haben das Recht, eine erteilte Einwilligung mit Wirkung f\u00fcr die Zukunft jederzeit zu widerrufen. Dar\u00fcber hinaus erfolgt eine Nutzung Ihrer Daten f\u00fcr Zwecke der Werbung, wenn Sie zuvor Ihre Einwilligung erteilt haben. Die L\u00f6schung der gespeicherten personenbezogenen Daten erfolgt, wenn Sie Ihre Einwilligung zur Speicherung widerrufen, wenn ihre Kenntnis zur Erf\u00fcllung des mit der Speicherung verfolgten Zwecks nicht mehr erforderlich ist oder wenn ihre Speicherung aus sonstigen gesetzlichen Gr\u00fcnden unzul\u00e4ssig ist.<\/p>\n","protected":false},"excerpt":{"rendered":"<p>Verantwortlich f\u00fcr den Inhalt der Seiten www.barneyeart.de: BarneyeArt Siggen 6, 23777, Heringsdorf\/Siggen, Tel.: 04365 979 99 83 AGBs und Widerrufsbelehrung Das Copyright f\u00fcr alle Texte, Abbildungen, Grafiken und Fotos auf dieser Seite liegt bei Gilbert Bahn-K\u00f6pke Rechtliche Informationen und Datenschutzerkl\u00e4rung Die Informationen auf dieser Webseite sowie die in diesen Informationen beschriebenen Dienstleistungen kann ohne vorherige [&hellip;]<\/p>\n","protected":false},"author":1,"featured_media":0,"parent":0,"menu_order":0,"comment_status":"open","ping_status":"open","template":"","meta":{"ngg_post_thumbnail":0,"footnotes":""},"_links":{"self":[{"href":"https:\/\/barneyeart.de\/index.php?rest_route=\/wp\/v2\/pages\/865"}],"collection":[{"href":"https:\/\/barneyeart.de\/index.php?rest_route=\/wp\/v2\/pages"}],"about":[{"href":"https:\/\/barneyeart.de\/index.php?rest_route=\/wp\/v2\/types\/page"}],"author":[{"embeddable":true,"href":"https:\/\/barneyeart.de\/index.php?rest_route=\/wp\/v2\/users\/1"}],"replies":[{"embeddable":true,"href":"https:\/\/barneyeart.de\/index.php?rest_route=%2Fwp%2Fv2%2Fcomments&post=865"}],"version-history":[{"count":4,"href":"https:\/\/barneyeart.de\/index.php?rest_route=\/wp\/v2\/pages\/865\/revisions"}],"predecessor-version":[{"id":917,"href":"https:\/\/barneyeart.de\/index.php?rest_route=\/wp\/v2\/pages\/865\/revisions\/917"}],"wp:attachment":[{"href":"https:\/\/barneyeart.de\/index.php?rest_route=%2Fwp%2Fv2%2Fmedia&parent=865"}],"curies":[{"name":"wp","href":"https:\/\/api.w.org\/{rel}","templated":true}]}}